{"id":8714,"date":"2022-08-11T14:24:47","date_gmt":"2022-08-11T12:24:47","guid":{"rendered":"https:\/\/www.beauty-kiallitas.hu\/?page_id=8714"},"modified":"2022-08-11T14:24:47","modified_gmt":"2022-08-11T12:24:47","slug":"the-future-generation-competes-by-us","status":"publish","type":"page","link":"https:\/\/www.beauty-kiallitas.hu\/en\/the-future-generation-competes-by-us\/","title":{"rendered":"The future generation competes by us"},"content":{"rendered":"<p><img loading=\"lazy\" decoding=\"async\" class=\"alignnone  wp-image-8715\" src=\"https:\/\/www.beauty-kiallitas.hu\/wp-content\/uploads\/2022\/08\/the-future-generation-competes-by-us-300x200.jpg\" alt=\"The future generation competes by us Beauty Ki\u00e1ll\u00edt\u00e1s\" width=\"522\" height=\"348\" srcset=\"https:\/\/www.beauty-kiallitas.hu\/wp-content\/uploads\/2022\/08\/the-future-generation-competes-by-us-300x200.jpg 300w, https:\/\/www.beauty-kiallitas.hu\/wp-content\/uploads\/2022\/08\/the-future-generation-competes-by-us-1024x683.jpg 1024w, https:\/\/www.beauty-kiallitas.hu\/wp-content\/uploads\/2022\/08\/the-future-generation-competes-by-us-768x512.jpg 768w, https:\/\/www.beauty-kiallitas.hu\/wp-content\/uploads\/2022\/08\/the-future-generation-competes-by-us-1536x1024.jpg 1536w, https:\/\/www.beauty-kiallitas.hu\/wp-content\/uploads\/2022\/08\/the-future-generation-competes-by-us-1320x880.jpg 1320w, https:\/\/www.beauty-kiallitas.hu\/wp-content\/uploads\/2022\/08\/the-future-generation-competes-by-us.jpg 1620w\" sizes=\"auto, (max-width: 522px) 100vw, 522px\" \/><br \/>\nThis year again, we are looking for the best cosmetology students of the year at the autumn Beauty exhibition! The 7th Student Olympics will be held on Friday, November 4. at Lurdy Confernece and Event Center, where cosmetology students will compete in teams of three. The Student Olympics was created so that students can feel the dedication that this beautiful profession will mean to them later on. This way our young professionals can become a part of the biggest event of the profession, where they can meet their role models, prominent representatives of the profession. And of course the exhibitors, distributors and manufacturers can also get to know the future generation, so they can even make collaborations and lifelong friendships with young professionals at the beginning of their careers.<\/p>\n","protected":false},"excerpt":{"rendered":"<p>This year again, we are looking for the best cosmetology students of the year at the autumn Beauty exhibition! The 7th Student Olympics will be held on Friday, November 4. at Lurdy Confernece and Event Center, where cosmetology students will compete in teams of three. The Student Olympics was created so that students can feel [&hellip;]<\/p>\n","protected":false},"author":2,"featured_media":0,"parent":0,"menu_order":0,"comment_status":"closed","ping_status":"closed","template":"","meta":{"inline_featured_image":false,"footnotes":""},"class_list":["post-8714","page","type-page","status-publish","hentry"],"acf":[],"yoast_head":"<!-- This site is optimized with the Yoast SEO plugin v27.4 - https:\/\/yoast.com\/product\/yoast-seo-wordpress\/ -->\n<title>The future generation competes by us | Beauty Ki\u00e1ll\u00edt\u00e1s<\/title>\n<meta name=\"robots\" content=\"index, follow, max-snippet:-1, max-image-preview:large, max-video-preview:-1\" \/>\n<link rel=\"canonical\" href=\"https:\/\/www.beauty-kiallitas.hu\/en\/the-future-generation-competes-by-us\/\" \/>\n<meta property=\"og:locale\" content=\"en_US\" \/>\n<meta property=\"og:type\" content=\"article\" \/>\n<meta property=\"og:title\" content=\"The future generation competes by us | Beauty Ki\u00e1ll\u00edt\u00e1s\" \/>\n<meta property=\"og:description\" content=\"This year again, we are looking for the best cosmetology students of the year at the autumn Beauty exhibition! The 7th Student Olympics will be held on Friday, November 4. at Lurdy Confernece and Event Center, where cosmetology students will compete in teams of three. The Student Olympics was created so that students can feel [&hellip;]\" \/>\n<meta property=\"og:url\" content=\"https:\/\/www.beauty-kiallitas.hu\/en\/the-future-generation-competes-by-us\/\" \/>\n<meta property=\"og:site_name\" content=\"Beauty Ki\u00e1ll\u00edt\u00e1s\" \/>\n<meta property=\"og:image\" content=\"https:\/\/www.beauty-kiallitas.hu\/wp-content\/uploads\/2022\/08\/the-future-generation-competes-by-us-300x200.jpg\" \/>\n<meta name=\"twitter:card\" content=\"summary_large_image\" \/>\n<meta name=\"twitter:label1\" content=\"Est. reading time\" \/>\n\t<meta name=\"twitter:data1\" content=\"1 minute\" \/>\n<script type=\"application\/ld+json\" class=\"yoast-schema-graph\">{\"@context\":\"https:\\\/\\\/schema.org\",\"@graph\":[{\"@type\":\"WebPage\",\"@id\":\"https:\\\/\\\/www.beauty-kiallitas.hu\\\/en\\\/the-future-generation-competes-by-us\\\/\",\"url\":\"https:\\\/\\\/www.beauty-kiallitas.hu\\\/en\\\/the-future-generation-competes-by-us\\\/\",\"name\":\"The future generation competes by us | Beauty Ki\u00e1ll\u00edt\u00e1s\",\"isPartOf\":{\"@id\":\"https:\\\/\\\/www.beauty-kiallitas.hu\\\/en\\\/#website\"},\"primaryImageOfPage\":{\"@id\":\"https:\\\/\\\/www.beauty-kiallitas.hu\\\/en\\\/the-future-generation-competes-by-us\\\/#primaryimage\"},\"image\":{\"@id\":\"https:\\\/\\\/www.beauty-kiallitas.hu\\\/en\\\/the-future-generation-competes-by-us\\\/#primaryimage\"},\"thumbnailUrl\":\"https:\\\/\\\/www.beauty-kiallitas.hu\\\/wp-content\\\/uploads\\\/2022\\\/08\\\/the-future-generation-competes-by-us-300x200.jpg\",\"datePublished\":\"2022-08-11T12:24:47+00:00\",\"breadcrumb\":{\"@id\":\"https:\\\/\\\/www.beauty-kiallitas.hu\\\/en\\\/the-future-generation-competes-by-us\\\/#breadcrumb\"},\"inLanguage\":\"en-US\",\"potentialAction\":[{\"@type\":\"ReadAction\",\"target\":[\"https:\\\/\\\/www.beauty-kiallitas.hu\\\/en\\\/the-future-generation-competes-by-us\\\/\"]}]},{\"@type\":\"ImageObject\",\"inLanguage\":\"en-US\",\"@id\":\"https:\\\/\\\/www.beauty-kiallitas.hu\\\/en\\\/the-future-generation-competes-by-us\\\/#primaryimage\",\"url\":\"https:\\\/\\\/www.beauty-kiallitas.hu\\\/wp-content\\\/uploads\\\/2022\\\/08\\\/the-future-generation-competes-by-us-300x200.jpg\",\"contentUrl\":\"https:\\\/\\\/www.beauty-kiallitas.hu\\\/wp-content\\\/uploads\\\/2022\\\/08\\\/the-future-generation-competes-by-us-300x200.jpg\"},{\"@type\":\"BreadcrumbList\",\"@id\":\"https:\\\/\\\/www.beauty-kiallitas.hu\\\/en\\\/the-future-generation-competes-by-us\\\/#breadcrumb\",\"itemListElement\":[{\"@type\":\"ListItem\",\"position\":1,\"name\":\"Home\",\"item\":\"https:\\\/\\\/www.beauty-kiallitas.hu\\\/en\\\/\"},{\"@type\":\"ListItem\",\"position\":2,\"name\":\"The future generation competes by us\"}]},{\"@type\":\"WebSite\",\"@id\":\"https:\\\/\\\/www.beauty-kiallitas.hu\\\/en\\\/#website\",\"url\":\"https:\\\/\\\/www.beauty-kiallitas.hu\\\/en\\\/\",\"name\":\"Beauty Ki\u00e1ll\u00edt\u00e1s\",\"description\":\"Beauty Forum Budapest\",\"publisher\":{\"@id\":\"https:\\\/\\\/www.beauty-kiallitas.hu\\\/en\\\/#organization\"},\"potentialAction\":[{\"@type\":\"SearchAction\",\"target\":{\"@type\":\"EntryPoint\",\"urlTemplate\":\"https:\\\/\\\/www.beauty-kiallitas.hu\\\/en\\\/?s={search_term_string}\"},\"query-input\":{\"@type\":\"PropertyValueSpecification\",\"valueRequired\":true,\"valueName\":\"search_term_string\"}}],\"inLanguage\":\"en-US\"},{\"@type\":\"Organization\",\"@id\":\"https:\\\/\\\/www.beauty-kiallitas.hu\\\/en\\\/#organization\",\"name\":\"Beauty Forum\",\"url\":\"https:\\\/\\\/www.beauty-kiallitas.hu\\\/en\\\/\",\"logo\":{\"@type\":\"ImageObject\",\"inLanguage\":\"en-US\",\"@id\":\"https:\\\/\\\/www.beauty-kiallitas.hu\\\/en\\\/#\\\/schema\\\/logo\\\/image\\\/\",\"url\":\"https:\\\/\\\/www.beauty-kiallitas.hu\\\/wp-content\\\/uploads\\\/2019\\\/02\\\/beauty-kiallitas-logo-c-small.png\",\"contentUrl\":\"https:\\\/\\\/www.beauty-kiallitas.hu\\\/wp-content\\\/uploads\\\/2019\\\/02\\\/beauty-kiallitas-logo-c-small.png\",\"width\":130,\"height\":131,\"caption\":\"Beauty Forum\"},\"image\":{\"@id\":\"https:\\\/\\\/www.beauty-kiallitas.hu\\\/en\\\/#\\\/schema\\\/logo\\\/image\\\/\"}}]}<\/script>\n<!-- \/ Yoast SEO plugin. -->","yoast_head_json":{"title":"The future generation competes by us | Beauty Ki\u00e1ll\u00edt\u00e1s","robots":{"index":"index","follow":"follow","max-snippet":"max-snippet:-1","max-image-preview":"max-image-preview:large","max-video-preview":"max-video-preview:-1"},"canonical":"https:\/\/www.beauty-kiallitas.hu\/en\/the-future-generation-competes-by-us\/","og_locale":"en_US","og_type":"article","og_title":"The future generation competes by us | Beauty Ki\u00e1ll\u00edt\u00e1s","og_description":"This year again, we are looking for the best cosmetology students of the year at the autumn Beauty exhibition! The 7th Student Olympics will be held on Friday, November 4. at Lurdy Confernece and Event Center, where cosmetology students will compete in teams of three. The Student Olympics was created so that students can feel [&hellip;]","og_url":"https:\/\/www.beauty-kiallitas.hu\/en\/the-future-generation-competes-by-us\/","og_site_name":"Beauty Ki\u00e1ll\u00edt\u00e1s","og_image":[{"url":"https:\/\/www.beauty-kiallitas.hu\/wp-content\/uploads\/2022\/08\/the-future-generation-competes-by-us-300x200.jpg","type":"","width":"","height":""}],"twitter_card":"summary_large_image","twitter_misc":{"Est. reading time":"1 minute"},"schema":{"@context":"https:\/\/schema.org","@graph":[{"@type":"WebPage","@id":"https:\/\/www.beauty-kiallitas.hu\/en\/the-future-generation-competes-by-us\/","url":"https:\/\/www.beauty-kiallitas.hu\/en\/the-future-generation-competes-by-us\/","name":"The future generation competes by us | Beauty Ki\u00e1ll\u00edt\u00e1s","isPartOf":{"@id":"https:\/\/www.beauty-kiallitas.hu\/en\/#website"},"primaryImageOfPage":{"@id":"https:\/\/www.beauty-kiallitas.hu\/en\/the-future-generation-competes-by-us\/#primaryimage"},"image":{"@id":"https:\/\/www.beauty-kiallitas.hu\/en\/the-future-generation-competes-by-us\/#primaryimage"},"thumbnailUrl":"https:\/\/www.beauty-kiallitas.hu\/wp-content\/uploads\/2022\/08\/the-future-generation-competes-by-us-300x200.jpg","datePublished":"2022-08-11T12:24:47+00:00","breadcrumb":{"@id":"https:\/\/www.beauty-kiallitas.hu\/en\/the-future-generation-competes-by-us\/#breadcrumb"},"inLanguage":"en-US","potentialAction":[{"@type":"ReadAction","target":["https:\/\/www.beauty-kiallitas.hu\/en\/the-future-generation-competes-by-us\/"]}]},{"@type":"ImageObject","inLanguage":"en-US","@id":"https:\/\/www.beauty-kiallitas.hu\/en\/the-future-generation-competes-by-us\/#primaryimage","url":"https:\/\/www.beauty-kiallitas.hu\/wp-content\/uploads\/2022\/08\/the-future-generation-competes-by-us-300x200.jpg","contentUrl":"https:\/\/www.beauty-kiallitas.hu\/wp-content\/uploads\/2022\/08\/the-future-generation-competes-by-us-300x200.jpg"},{"@type":"BreadcrumbList","@id":"https:\/\/www.beauty-kiallitas.hu\/en\/the-future-generation-competes-by-us\/#breadcrumb","itemListElement":[{"@type":"ListItem","position":1,"name":"Home","item":"https:\/\/www.beauty-kiallitas.hu\/en\/"},{"@type":"ListItem","position":2,"name":"The future generation competes by us"}]},{"@type":"WebSite","@id":"https:\/\/www.beauty-kiallitas.hu\/en\/#website","url":"https:\/\/www.beauty-kiallitas.hu\/en\/","name":"Beauty Ki\u00e1ll\u00edt\u00e1s","description":"Beauty Forum Budapest","publisher":{"@id":"https:\/\/www.beauty-kiallitas.hu\/en\/#organization"},"potentialAction":[{"@type":"SearchAction","target":{"@type":"EntryPoint","urlTemplate":"https:\/\/www.beauty-kiallitas.hu\/en\/?s={search_term_string}"},"query-input":{"@type":"PropertyValueSpecification","valueRequired":true,"valueName":"search_term_string"}}],"inLanguage":"en-US"},{"@type":"Organization","@id":"https:\/\/www.beauty-kiallitas.hu\/en\/#organization","name":"Beauty Forum","url":"https:\/\/www.beauty-kiallitas.hu\/en\/","logo":{"@type":"ImageObject","inLanguage":"en-US","@id":"https:\/\/www.beauty-kiallitas.hu\/en\/#\/schema\/logo\/image\/","url":"https:\/\/www.beauty-kiallitas.hu\/wp-content\/uploads\/2019\/02\/beauty-kiallitas-logo-c-small.png","contentUrl":"https:\/\/www.beauty-kiallitas.hu\/wp-content\/uploads\/2019\/02\/beauty-kiallitas-logo-c-small.png","width":130,"height":131,"caption":"Beauty Forum"},"image":{"@id":"https:\/\/www.beauty-kiallitas.hu\/en\/#\/schema\/logo\/image\/"}}]}},"_links":{"self":[{"href":"https:\/\/www.beauty-kiallitas.hu\/en\/wp-json\/wp\/v2\/pages\/8714","targetHints":{"allow":["GET"]}}],"collection":[{"href":"https:\/\/www.beauty-kiallitas.hu\/en\/wp-json\/wp\/v2\/pages"}],"about":[{"href":"https:\/\/www.beauty-kiallitas.hu\/en\/wp-json\/wp\/v2\/types\/page"}],"author":[{"embeddable":true,"href":"https:\/\/www.beauty-kiallitas.hu\/en\/wp-json\/wp\/v2\/users\/2"}],"replies":[{"embeddable":true,"href":"https:\/\/www.beauty-kiallitas.hu\/en\/wp-json\/wp\/v2\/comments?post=8714"}],"version-history":[{"count":0,"href":"https:\/\/www.beauty-kiallitas.hu\/en\/wp-json\/wp\/v2\/pages\/8714\/revisions"}],"wp:attachment":[{"href":"https:\/\/www.beauty-kiallitas.hu\/en\/wp-json\/wp\/v2\/media?parent=8714"}],"curies":[{"name":"wp","href":"https:\/\/api.w.org\/{rel}","templated":true}]}}